{"id":54,"date":"2018-11-02T13:14:17","date_gmt":"2018-11-02T11:14:17","guid":{"rendered":"https:\/\/hempels-haus.de\/?post_type=product&#038;p=54"},"modified":"2018-11-13T00:47:06","modified_gmt":"2018-11-12T22:47:06","slug":"feuerflamme-bratwurst-5-stueck","status":"publish","type":"product","link":"https:\/\/hempels-haus.de\/?product=feuerflamme-bratwurst-5-stueck","title":{"rendered":"Feuer&#038;Flamme Bratwurst (5 St\u00fcck)"},"content":{"rendered":"<p>Original Feuer&amp;Flamme Bratwurst, wie wir sie bei uns am Stand anbieten. Damit k\u00f6nnen Sie sich das Geschmackserlebnis direkt zu sich nach Hause holen und bei Ihrem Grillabend Ihre G\u00e4ste mit etwas ganz besonderem verw\u00f6hnen.<\/p>\n<p>Die Wurst kommt frisch direkt zu Ihnen und wird daher nur Montags bis Donnerstags versendet und nicht vor Feiertagen.<\/p>\n","protected":false},"excerpt":{"rendered":"<p>Original Feuer&amp;Flamme Bratwurst, wie am Stand<\/p>\n","protected":false},"featured_media":55,"comment_status":"open","ping_status":"closed","template":"","meta":[],"product_brand":[],"product_cat":[32],"product_tag":[],"class_list":{"0":"post-54","1":"product","2":"type-product","3":"status-publish","4":"has-post-thumbnail","6":"product_cat-bratwurst","8":"first","9":"instock","10":"taxable","11":"shipping-taxable","12":"purchasable","13":"product-type-simple"},"_links":{"self":[{"href":"https:\/\/hempels-haus.de\/index.php?rest_route=\/wp\/v2\/product\/54","targetHints":{"allow":["GET"]}}],"collection":[{"href":"https:\/\/hempels-haus.de\/index.php?rest_route=\/wp\/v2\/product"}],"about":[{"href":"https:\/\/hempels-haus.de\/index.php?rest_route=\/wp\/v2\/types\/product"}],"replies":[{"embeddable":true,"href":"https:\/\/hempels-haus.de\/index.php?rest_route=%2Fwp%2Fv2%2Fcomments&post=54"}],"wp:featuredmedia":[{"embeddable":true,"href":"https:\/\/hempels-haus.de\/index.php?rest_route=\/wp\/v2\/media\/55"}],"wp:attachment":[{"href":"https:\/\/hempels-haus.de\/index.php?rest_route=%2Fwp%2Fv2%2Fmedia&parent=54"}],"wp:term":[{"taxonomy":"product_brand","embeddable":true,"href":"https:\/\/hempels-haus.de\/index.php?rest_route=%2Fwp%2Fv2%2Fproduct_brand&post=54"},{"taxonomy":"product_cat","embeddable":true,"href":"https:\/\/hempels-haus.de\/index.php?rest_route=%2Fwp%2Fv2%2Fproduct_cat&post=54"},{"taxonomy":"product_tag","embeddable":true,"href":"https:\/\/hempels-haus.de\/index.php?rest_route=%2Fwp%2Fv2%2Fproduct_tag&post=54"}],"curies":[{"name":"wp","href":"https:\/\/api.w.org\/{rel}","templated":true}]}}